{"id":13,"date":"2017-02-03T08:25:45","date_gmt":"2017-02-03T08:25:45","guid":{"rendered":"http:\/\/themes.muffingroup.com\/betheme\/?page_id=13"},"modified":"2021-01-25T15:27:34","modified_gmt":"2021-01-25T12:27:34","slug":"about","status":"publish","type":"page","link":"https:\/\/mixx.com.tr\/tr\/about\/","title":{"rendered":"Hakk\u0131m\u0131zda"},"content":{"rendered":"<p>[vc_row css=&#8221;.vc_custom_1611566122055{margin-top: 30px !important;}&#8221;][vc_column width=&#8221;1\/3&#8243;][vc_single_image image=&#8221;181&#8243; img_size=&#8221;large&#8221;][\/vc_column][vc_column width=&#8221;2\/3&#8243;][vc_column_text]<\/p>\n<h3 class=\"themecolor\">\u015eirketimiz&#8230;<\/h3>\n<p>Kongre, Seminer, Yurti\u00e7i ve Yurtd\u0131\u015f\u0131 Geziler, Paket Tur Programlar\u0131 ve u\u00e7ak bileti gibi konularda \u00fcst\u00fcn hizmet anlay\u0131\u015f\u0131 ile m\u00fc\u015fteri odakl\u0131 \u00e7al\u0131\u015fmay\u0131 hedef edinen <strong>Mixtra Travel<\/strong>, yenilik\u00e7i \u00e7\u00f6z\u00fcmleri ile \u00f6zel \u015firketlere uzun s\u00fcreli i\u015f ortakl\u0131\u011f\u0131 ve Kurumsal hizmetlerinde de en kaliteli hizmeti en ekonomik fiyatlarla vermeyi ilke edinmi\u015ftir.<\/p>\n<p>Uzman, deneyimli, aktif ve yenilik\u00e7i kadrosu ile uluslararas\u0131 kalite standartlar\u0131n\u0131 hedefleyen <strong>Mixtra Travel<\/strong>, \u00e7al\u0131\u015fmalar\u0131n\u0131 bu do\u011frultuda \u201cSeyahat Acentas\u0131\u201d ve \u201cEtkinlikler\u201d olmak \u00fczere iki ana ba\u015fl\u0131k alt\u0131nda toplad\u0131.<\/p>\n<p><strong>Mixtra Travel<\/strong>, \u201cSeyahat Acentas\u0131\u201d, m\u00fc\u015fteri odakl\u0131 ve y\u00fcksek verimlilikle \u00e7al\u0131\u015fman\u0131n uzmanl\u0131k gerektirdi\u011fi inanc\u0131yla, b\u00fcnyesindeki uzmanl\u0131k alanlar\u0131n\u0131 ay\u0131ran bir kurumdur. Tatil ve Seyahat: \u00d6zel seyahatiniz ve tatiliniz i\u00e7in gereken t\u00fcm hizmetleri sa\u011flar; Kurumsal: \u015eirket, kurum ve kurulu\u015flar\u0131n her t\u00fcrl\u00fc i\u015f gezisi ve organizasyonu i\u00e7in \u00f6zel hizmetler sunar; Gelen: \u0130skandinavya ba\u015fta olmak \u00fczere Avrupa&#8217;dan ve daha bir\u00e7ok \u00fclkeden T\u00fcrkiye&#8217;ye seyahatleri art\u0131rmak amac\u0131yla artan i\u015f hacmi ile faaliyetlerini titizlikle s\u00fcrd\u00fcrmekte ve T\u00fcrkiye&#8217;nin tan\u0131t\u0131m\u0131na katk\u0131 sa\u011flamaktad\u0131r.[\/vc_column_text]<div class=\"blockquote\"><blockquote>Misyonumuz \u00e7ok net &#8211; m\u00fc\u015fterilerimiz i\u00e7in en iyi ve tam olarak test edilmi\u015f \u00fcr\u00fcnler ve \u00e7\u00f6z\u00fcmler sunmak.<\/blockquote><\/div>\n[\/vc_column][\/vc_row][vc_row full_width=&#8221;stretch_row&#8221; css=&#8221;.vc_custom_1611566974497{background-color: #007cba !important;}&#8221;][vc_column][vc_column_text]<\/p>\n<h2 class=\"text-white\" style=\"margin: 0px; text-align: center;\">Ayr\u0131cal\u0131kl\u0131 Hizmet Anlay\u0131\u015f\u0131!<\/h2>\n<p>[\/vc_column_text][\/vc_column][\/vc_row][vc_row][vc_column]<div class=\"content_slider \"><ul class=\"content_slider_ul\"><li class=\"content_slider_li_1\"><a href=\"\/wp-content\/uploads\/2021\/01\/guides.jpg\" rel=\"prettyphoto\"><img width=\"890\" height=\"470\" src=\"https:\/\/mixx.com.tr\/wp-content\/uploads\/2017\/02\/about-2.jpg\" class=\"scale-with-grid wp-post-image\" alt=\"\" loading=\"lazy\" srcset=\"https:\/\/mixx.com.tr\/wp-content\/uploads\/2017\/02\/about-2.jpg 890w, https:\/\/mixx.com.tr\/wp-content\/uploads\/2017\/02\/about-2-300x158.jpg 300w, https:\/\/mixx.com.tr\/wp-content\/uploads\/2017\/02\/about-2-768x406.jpg 768w, https:\/\/mixx.com.tr\/wp-content\/uploads\/2017\/02\/about-2-260x137.jpg 260w, https:\/\/mixx.com.tr\/wp-content\/uploads\/2017\/02\/about-2-50x26.jpg 50w, https:\/\/mixx.com.tr\/wp-content\/uploads\/2017\/02\/about-2-142x75.jpg 142w\" sizes=\"(max-width: 890px) 100vw, 890px\" \/><\/a><\/li><li class=\"content_slider_li_2\"><a href=\"\/wp-content\/uploads\/2017\/02\/about-1.jpg\" rel=\"prettyphoto\"><img width=\"890\" height=\"470\" src=\"https:\/\/mixx.com.tr\/wp-content\/uploads\/2017\/02\/about-1.jpg\" class=\"scale-with-grid wp-post-image\" alt=\"\" loading=\"lazy\" srcset=\"https:\/\/mixx.com.tr\/wp-content\/uploads\/2017\/02\/about-1.jpg 890w, https:\/\/mixx.com.tr\/wp-content\/uploads\/2017\/02\/about-1-300x158.jpg 300w, https:\/\/mixx.com.tr\/wp-content\/uploads\/2017\/02\/about-1-768x406.jpg 768w, https:\/\/mixx.com.tr\/wp-content\/uploads\/2017\/02\/about-1-260x137.jpg 260w, https:\/\/mixx.com.tr\/wp-content\/uploads\/2017\/02\/about-1-50x26.jpg 50w, https:\/\/mixx.com.tr\/wp-content\/uploads\/2017\/02\/about-1-142x75.jpg 142w\" sizes=\"(max-width: 890px) 100vw, 890px\" \/><\/a><\/li><li class=\"content_slider_li_3\"><img width=\"890\" height=\"470\" src=\"https:\/\/mixx.com.tr\/wp-content\/uploads\/2017\/02\/about-3.jpg\" class=\"scale-with-grid wp-post-image\" alt=\"\" loading=\"lazy\" srcset=\"https:\/\/mixx.com.tr\/wp-content\/uploads\/2017\/02\/about-3.jpg 890w, https:\/\/mixx.com.tr\/wp-content\/uploads\/2017\/02\/about-3-300x158.jpg 300w, https:\/\/mixx.com.tr\/wp-content\/uploads\/2017\/02\/about-3-768x406.jpg 768w, https:\/\/mixx.com.tr\/wp-content\/uploads\/2017\/02\/about-3-260x137.jpg 260w, https:\/\/mixx.com.tr\/wp-content\/uploads\/2017\/02\/about-3-50x26.jpg 50w, https:\/\/mixx.com.tr\/wp-content\/uploads\/2017\/02\/about-3-142x75.jpg 142w\" sizes=\"(max-width: 890px) 100vw, 890px\" \/><\/li><li class=\"content_slider_li_4\"><img width=\"890\" height=\"470\" src=\"https:\/\/mixx.com.tr\/wp-content\/uploads\/2017\/02\/about-4.jpg\" class=\"scale-with-grid wp-post-image\" alt=\"\" loading=\"lazy\" srcset=\"https:\/\/mixx.com.tr\/wp-content\/uploads\/2017\/02\/about-4.jpg 890w, https:\/\/mixx.com.tr\/wp-content\/uploads\/2017\/02\/about-4-300x158.jpg 300w, https:\/\/mixx.com.tr\/wp-content\/uploads\/2017\/02\/about-4-768x406.jpg 768w, https:\/\/mixx.com.tr\/wp-content\/uploads\/2017\/02\/about-4-260x137.jpg 260w, https:\/\/mixx.com.tr\/wp-content\/uploads\/2017\/02\/about-4-50x26.jpg 50w, https:\/\/mixx.com.tr\/wp-content\/uploads\/2017\/02\/about-4-142x75.jpg 142w\" sizes=\"(max-width: 890px) 100vw, 890px\" \/><\/li><\/ul><div class=\"slider_pager slider_pagination\"><\/div><\/div>\n[\/vc_column][\/vc_row][vc_row full_width=&#8221;stretch_row_content&#8221; equal_height=&#8221;yes&#8221;][vc_column width=&#8221;1\/2&#8243; css=&#8221;.vc_custom_1611570841402{padding-top: 80px !important;padding-right: 4% !important;padding-bottom: 65px !important;padding-left: 4% !important;background-color: #0095eb !important;}&#8221; el_class=&#8221;text-white&#8221;][vc_column_text css=&#8221;.vc_custom_1611577426766{margin-left: 60px !important;}&#8221;]<\/p>\n<h2 class=\"text-white\" style=\"text-align: right;\">10 Y\u0131ll\u0131k Tecr\u00fcbe<\/h2>\n<p class=\"big\" style=\"text-align: right;\">T\u00fcrkiye i\u00e7in turizmin \u00f6neminin ve potansiyelinin fark\u0131nda olan Mixtra Travel, bir firma olarak her zaman en kaliteli hizmeti hedeflemektedir.<\/p>\n<p style=\"text-align: right;\">Mixtra Travel, kuruldu\u011fu g\u00fcnden bu yana 10 y\u0131ll\u0131k deneyimine dayanarak s\u00fcrekli de\u011fi\u015fen bir d\u00fcnyada g\u00fcvenle ilerlemeye devam ediyor.<\/p>\n<p>[\/vc_column_text][\/vc_column][vc_column width=&#8221;1\/2&#8243; css=&#8221;.vc_custom_1611573084649{padding-top: 80px !important;padding-right: 4% !important;padding-bottom: 65px !important;padding-left: 4% !important;background-color: #dae4ea !important;}&#8221;][vc_column_text css=&#8221;.vc_custom_1611577497911{margin-right: 60px !important;}&#8221;]<\/p>\n<h5>Alanya&#8217;n\u0131n \u00f6nde gelen destinasyon y\u00f6netimi ve incoming seyahat acentas\u0131 &#8230;<\/h5>\n<p><strong>Mixtra Travel<\/strong>, etkinlik ve gezilerin organizat\u00f6r\u00fc olarak yerel gelenekleri ve k\u00fclt\u00fcrlerini tan\u0131tmaya \u00f6zellikle dikkat eder.<\/p>\n<p>Ayr\u0131ca, yerel \u00fcr\u00fcnlere \u00f6zel \u00f6nem veren, tatil beldesi ve kaynaklar\u0131n\u0131n s\u00fcrd\u00fcr\u00fclebilir y\u00f6netimine katk\u0131da bulunan \u015firket ve kurumlar\u0131n deste\u011fini ifade eder.[\/vc_column_text][\/vc_column][\/vc_row][vc_row css=&#8221;.vc_custom_1611570276385{margin-top: 30px !important;}&#8221;][vc_column width=&#8221;1\/4&#8243;]<div class=\"quick_fact align_center animate-math\"><div class=\"number-wrapper\"><span class=\"number\" data-to=\"1000\">1000<\/span><span class=\"label postfix\">+<\/span><\/div><h3 class=\"title\">otel<\/h3><hr class=\"hr_narrow\" \/><div class=\"desc\">farkl\u0131 konsept oteller ve konaklama tesisleri<\/div><\/div>\n[\/vc_column][vc_column width=&#8221;1\/4&#8243;]<div class=\"quick_fact align_center animate-math\"><div class=\"number-wrapper\"><span class=\"number\" data-to=\"7\">7<\/span><\/div><h3 class=\"title\">tur operat\u00f6r\u00fc<\/h3><hr class=\"hr_narrow\" \/><div class=\"desc\">kendi tur operat\u00f6rlerimiz<\/div><\/div>\n[\/vc_column][vc_column width=&#8221;1\/4&#8243;]<div class=\"quick_fact align_center animate-math\"><div class=\"number-wrapper\"><span class=\"number\" data-to=\"11\">11<\/span><span class=\"label postfix\">+<\/span><\/div><h3 class=\"title\">\u00fclke<\/h3><hr class=\"hr_narrow\" \/><div class=\"desc\">farkl\u0131 \u00fclkelerde faaliyet g\u00f6steriyoruz<\/div><\/div>\n[\/vc_column][vc_column width=&#8221;1\/4&#8243;]<div class=\"quick_fact align_center animate-math\"><div class=\"number-wrapper\"><span class=\"number\" data-to=\"300\">300<\/span><span class=\"label postfix\">k<\/span><\/div><h3 class=\"title\">mutlu m\u00fc\u015fteri<\/h3><hr class=\"hr_narrow\" \/><div class=\"desc\">m\u00fc\u015fterilerimiz i\u00e7in en iyi hizmeti sunuyoruz<\/div><\/div>\n[\/vc_column][\/vc_row]<\/p>","protected":false},"excerpt":{"rendered":"<p>[vc_row css=&#8221;.vc_custom_1611566122055{margin-top: 30px !important;}&#8221;][vc_column width=&#8221;1\/3&#8243;][vc_single_image image=&#8221;181&#8243; img_size=&#8221;large&#8221;][\/vc_column][vc_column width=&#8221;2\/3&#8243;][vc_column_text] \u015eirketimiz&#8230; Kongre, Seminer, Yurti\u00e7i ve Yurtd\u0131\u015f\u0131 Geziler, Paket Tur Programlar\u0131 ve u\u00e7ak bileti gibi konularda \u00fcst\u00fcn hizmet anlay\u0131\u015f\u0131<span class=\"excerpt-hellip\"> [\u2026]<\/span><\/p>\n","protected":false},"author":1,"featured_media":0,"parent":0,"menu_order":0,"comment_status":"closed","ping_status":"closed","template":"","meta":[],"_links":{"self":[{"href":"https:\/\/mixx.com.tr\/tr\/wp-json\/wp\/v2\/pages\/13"}],"collection":[{"href":"https:\/\/mixx.com.tr\/tr\/wp-json\/wp\/v2\/pages"}],"about":[{"href":"https:\/\/mixx.com.tr\/tr\/wp-json\/wp\/v2\/types\/page"}],"author":[{"embeddable":true,"href":"https:\/\/mixx.com.tr\/tr\/wp-json\/wp\/v2\/users\/1"}],"replies":[{"embeddable":true,"href":"https:\/\/mixx.com.tr\/tr\/wp-json\/wp\/v2\/comments?post=13"}],"version-history":[{"count":4,"href":"https:\/\/mixx.com.tr\/tr\/wp-json\/wp\/v2\/pages\/13\/revisions"}],"predecessor-version":[{"id":360,"href":"https:\/\/mixx.com.tr\/tr\/wp-json\/wp\/v2\/pages\/13\/revisions\/360"}],"wp:attachment":[{"href":"https:\/\/mixx.com.tr\/tr\/wp-json\/wp\/v2\/media?parent=13"}],"curies":[{"name":"wp","href":"https:\/\/api.w.org\/{rel}","templated":true}]}}