{"id":15,"date":"2017-02-03T08:25:54","date_gmt":"2017-02-03T08:25:54","guid":{"rendered":"http:\/\/themes.muffingroup.com\/betheme\/?page_id=15"},"modified":"2021-01-28T12:50:48","modified_gmt":"2021-01-28T09:50:48","slug":"contact","status":"publish","type":"page","link":"https:\/\/mixx.com.tr\/tr\/contact\/","title":{"rendered":"\u0130leti\u015fim"},"content":{"rendered":"<p>[vc_row full_width=&#8221;stretch_row_content&#8221; css=&#8221;.vc_custom_1611499076847{background-color: #f2f3f5 !important;}&#8221;][vc_column width=&#8221;1\/3&#8243;]<div class=\"list_item lists_2 clearfix\"><a href=\"mailto:info@mixx.com.tr\" ><div class=\"list_left list_icon\"><i class=\"fas fa-envelope\"><\/i><\/div><div class=\"list_right\"><div class=\"desc\"><\/p>\n<p class=\"big\" style=\"padding-top: 12px; display: block; margin: 0;\">Bize yaz\u0131n?<\/p>\n<h4>info@mixx.com.tr<\/h4>\n<p><\/div><\/div><\/a><\/div>\n[\/vc_column][vc_column width=&#8221;1\/3&#8243;]<div class=\"list_item lists_2 clearfix\"><a href=\"tel:+902425128812\" ><div class=\"list_left list_icon\"><i class=\"fas fa-phone-square-alt\"><\/i><\/div><div class=\"list_right\"><div class=\"desc\"><\/p>\n<p class=\"big\" style=\"padding-top: 12px; display: block; margin: 0;\">Aray\u0131n<\/p>\n<h4>+90 242 512 88 12<\/h4>\n<p><\/div><\/div><\/a><\/div>\n[\/vc_column][vc_column width=&#8221;1\/3&#8243;]<div class=\"list_item lists_2 clearfix\"><a href=\"#\" ><div class=\"list_left list_icon\"><i class=\"fas fa-fax\"><\/i><\/div><div class=\"list_right\"><div class=\"desc\"><\/p>\n<p class=\"big\" style=\"padding-top: 12px; display: block; margin: 0;\">Faks<\/p>\n<h4>+90 242 512 99 13<\/h4>\n<p><\/div><\/div><\/a><\/div>\n[\/vc_column][\/vc_row][vc_row][vc_column width=&#8221;1\/3&#8243;][vc_column_text]<\/p>\n<h2>Bize Yaz\u0131n<\/h2>\n<p class=\"big\">Herhangi bir sorunuz varsa, l\u00fctfen bize mesaj g\u00f6ndermekten \u00e7ekinmeyin. <span class=\"tooltip tooltip-txt\" data-tooltip=\"Pts-Cum 08:00-18:00\">24 saat<\/span>\n i\u00e7inde cevap veriyoruz!<\/p>\n<p>[\/vc_column_text][vc_column_text]<\/p>\n<ul class=\"fa-ul\">\n<li><i class=\"fa-li fas fa-map-marker-alt fa-lg\"><\/i>K\u0131zlarp\u0131nar\u0131 Mah. Atat\u00fcrk Bulvar\u0131<br \/>\nM. \u015eenli Apt. No: 216\/B<br \/>\n07400 Alanya \/ Antalya<br \/>\nT\u00dcRK\u0130YE<\/li>\n<\/ul>\n<p>[\/vc_column_text][\/vc_column][vc_column width=&#8221;2\/3&#8243;]<div role=\"form\" class=\"wpcf7\" id=\"wpcf7-f302-o2\" lang=\"tr-TR\" dir=\"ltr\">\n<div class=\"screen-reader-response\"><p role=\"status\" aria-live=\"polite\" aria-atomic=\"true\"><\/p> <ul><\/ul><\/div>\n<form action=\"\/tr\/wp-json\/wp\/v2\/pages\/15#wpcf7-f302-o2\" method=\"post\" class=\"wpcf7-form init\" novalidate=\"novalidate\" data-status=\"init\">\n<div style=\"display: none;\">\n<input type=\"hidden\" name=\"_wpcf7\" value=\"302\" \/>\n<input type=\"hidden\" name=\"_wpcf7_version\" value=\"5.5.6\" \/>\n<input type=\"hidden\" name=\"_wpcf7_locale\" value=\"tr_TR\" \/>\n<input type=\"hidden\" name=\"_wpcf7_unit_tag\" value=\"wpcf7-f302-o2\" \/>\n<input type=\"hidden\" name=\"_wpcf7_container_post\" value=\"0\" \/>\n<input type=\"hidden\" name=\"_wpcf7_posted_data_hash\" value=\"\" \/>\n<input type=\"hidden\" name=\"_wpcf7_recaptcha_response\" value=\"\" \/>\n<\/div>\n<div class=\"column one-third\"><label>Ad\u0131n\u0131z*:<\/label><span class=\"wpcf7-form-control-wrap your-name\"><input type=\"text\" name=\"your-name\" value=\"\" size=\"40\" class=\"wpcf7-form-control wpcf7-text wpcf7-validates-as-required\" aria-required=\"true\" aria-invalid=\"false\" \/><\/span><\/div>\n<div class=\"column one-third\"><label>E-posta adresiniz*:<\/label><span class=\"wpcf7-form-control-wrap your-email\"><input type=\"email\" name=\"your-email\" value=\"\" size=\"40\" class=\"wpcf7-form-control wpcf7-text wpcf7-email wpcf7-validates-as-required wpcf7-validates-as-email\" aria-required=\"true\" aria-invalid=\"false\" \/><\/span><\/div>\n<div class=\"column one-third\"><label>Konu:<\/label><span class=\"wpcf7-form-control-wrap your-subject\"><input type=\"text\" name=\"your-subject\" value=\"\" size=\"40\" class=\"wpcf7-form-control wpcf7-text\" aria-invalid=\"false\" \/><\/span><\/div>\n<div class=\"column one\"><label>Mesaj\u0131n\u0131z*:<\/label><span class=\"wpcf7-form-control-wrap your-message\"><textarea name=\"your-message\" cols=\"40\" rows=\"6\" class=\"wpcf7-form-control wpcf7-textarea wpcf7-validates-as-required\" aria-required=\"true\" aria-invalid=\"false\"><\/textarea><\/span><\/div>\n<div class=\"column one\"><input type=\"submit\" value=\"G\u00f6nder\" class=\"wpcf7-form-control has-spinner wpcf7-submit\" \/><\/div>\n<div class=\"wpcf7-response-output\" aria-hidden=\"true\"><\/div><\/form><\/div>[\/vc_column][\/vc_row][vc_row full_width=&#8221;stretch_row_content_no_spaces&#8221;][vc_column][vc_gmaps link=&#8221;#E-8_JTNDaWZyYW1lJTIwc3JjJTNEJTIyaHR0cHMlM0ElMkYlMkZ3d3cuZ29vZ2xlLmNvbSUyRm1hcHMlMkZlbWJlZCUzRnBiJTNEJTIxMW0xOCUyMTFtMTIlMjExbTMlMjExZDgwMS4yNDg3MTIyMzM4NTA1JTIxMmQzMS45NzI0NTQ4NjY5NzAzNjclMjEzZDM2LjU1NDIzNzE0NDE5Mjg3JTIxMm0zJTIxMWYwJTIxMmYwJTIxM2YwJTIxM20yJTIxMWkxMDI0JTIxMmk3NjglMjE0ZjEzLjElMjEzbTMlMjExbTIlMjExczB4MTRkY2EyODJkNDQxY2E2NSUyNTNBMHg0MzE4MmY1NmFlZWU0YzExJTIxMnNNaXh4JTI1MjBUcmF2ZWwlMjE1ZTAlMjEzbTIlMjExc2VuJTIxMnN0ciUyMTR2MTYxMTQ4Njc5MjQzNCUyMTVtMiUyMTFzZW4lMjEyc3RyJTIyJTIwd2lkdGglM0QlMjI2MDAlMjIlMjBoZWlnaHQlM0QlMjIzNTAlMjIlMjBmcmFtZWJvcmRlciUzRCUyMjAlMjIlMjBzdHlsZSUzRCUyMmJvcmRlciUzQTAlM0IlMjIlMjBhbGxvd2Z1bGxzY3JlZW4lM0QlMjIlMjIlMjBhcmlhLWhpZGRlbiUzRCUyMmZhbHNlJTIyJTIwdGFiaW5kZXglM0QlMjIwJTIyJTNFJTNDJTJGaWZyYW1lJTNF&#8221; el_class=&#8221;mixx-map&#8221;][\/vc_column][\/vc_row]<\/p>","protected":false},"excerpt":{"rendered":"<p>[vc_row full_width=&#8221;stretch_row_content&#8221; css=&#8221;.vc_custom_1611499076847{background-color: #f2f3f5 !important;}&#8221;][vc_column width=&#8221;1\/3&#8243;][\/vc_column][vc_column width=&#8221;1\/3&#8243;][\/vc_column][vc_column width=&#8221;1\/3&#8243;][\/vc_column][\/vc_row][vc_row][vc_column width=&#8221;1\/3&#8243;][vc_column_text] Bize Yaz\u0131n Herhangi bir sorunuz varsa, l\u00fctfen bize mesaj g\u00f6ndermekten \u00e7ekinmeyin. i\u00e7inde cevap veriyoruz! [\/vc_column_text][vc_column_text] K\u0131zlarp\u0131nar\u0131 Mah.<span class=\"excerpt-hellip\"> [\u2026]<\/span><\/p>\n","protected":false},"author":1,"featured_media":0,"parent":0,"menu_order":0,"comment_status":"closed","ping_status":"closed","template":"","meta":[],"_links":{"self":[{"href":"https:\/\/mixx.com.tr\/tr\/wp-json\/wp\/v2\/pages\/15"}],"collection":[{"href":"https:\/\/mixx.com.tr\/tr\/wp-json\/wp\/v2\/pages"}],"about":[{"href":"https:\/\/mixx.com.tr\/tr\/wp-json\/wp\/v2\/types\/page"}],"author":[{"embeddable":true,"href":"https:\/\/mixx.com.tr\/tr\/wp-json\/wp\/v2\/users\/1"}],"replies":[{"embeddable":true,"href":"https:\/\/mixx.com.tr\/tr\/wp-json\/wp\/v2\/comments?post=15"}],"version-history":[{"count":4,"href":"https:\/\/mixx.com.tr\/tr\/wp-json\/wp\/v2\/pages\/15\/revisions"}],"predecessor-version":[{"id":480,"href":"https:\/\/mixx.com.tr\/tr\/wp-json\/wp\/v2\/pages\/15\/revisions\/480"}],"wp:attachment":[{"href":"https:\/\/mixx.com.tr\/tr\/wp-json\/wp\/v2\/media?parent=15"}],"curies":[{"name":"wp","href":"https:\/\/api.w.org\/{rel}","templated":true}]}}