{"id":9,"date":"2017-02-03T08:25:20","date_gmt":"2017-02-03T08:25:20","guid":{"rendered":"http:\/\/themes.muffingroup.com\/betheme\/?page_id=9"},"modified":"2021-01-26T10:35:05","modified_gmt":"2021-01-26T07:35:05","slug":"services","status":"publish","type":"page","link":"https:\/\/mixx.com.tr\/tr\/services\/","title":{"rendered":"Hizmetlerimiz"},"content":{"rendered":"<p>[vc_row][vc_column width=&#8221;1\/3&#8243;]<div class=\"icon_box icon_position_top has_border\"><div class=\"icon_wrapper\"><div class=\"icon\"><i class=\"icon-suitcase\"><\/i><\/div><\/div><div class=\"desc_wrapper\"><h4 class=\"title\">Incoming<\/h4><div class=\"desc\">Mixtra Travel, T\u00fcrkiye\u2019ye seyahat eden ve Mixtra Travel\u2019\u0131 tedarik\u00e7i olarak se\u00e7en t\u00fcm misafirlerine seyahat, konaklama, rehber, transfer ve tur hizmetleri sunmaktad\u0131r.<\/div><\/div><\/div>\n[\/vc_column][vc_column width=&#8221;1\/3&#8243;]<div class=\"icon_box icon_position_top has_border\"><div class=\"icon_wrapper\"><div class=\"icon\"><i class=\"icon-flight\"><\/i><\/div><\/div><div class=\"desc_wrapper\"><h4 class=\"title\">Charter U\u00e7u\u015flar\u0131<\/h4><div class=\"desc\">Mixtra Travel, charter u\u00e7u\u015f kotalar\u0131m\u0131z arac\u0131l\u0131\u011f\u0131yla daha ucuz u\u00e7ak biletleri sunmaktad\u0131r.<\/div><\/div><\/div>\n[\/vc_column][vc_column width=&#8221;1\/3&#8243;]<div class=\"icon_box icon_position_top has_border\"><div class=\"icon_wrapper\"><div class=\"icon\"><i class=\"icon-shuffle\"><\/i><\/div><\/div><div class=\"desc_wrapper\"><h4 class=\"title\">Transfer<\/h4><div class=\"desc\">Mixtra Travel ve transfer departman\u0131, havaalan\u0131 ile rezervasyon yapt\u0131\u011f\u0131n\u0131z otel aras\u0131nda g\u00fcvenli ve g\u00fcvenilir bir transfer sa\u011flar. Ayr\u0131ca \u00f6zel ve VIP transferler de sunuyoruz.<\/div><\/div><\/div>\n[\/vc_column][\/vc_row][vc_row][vc_column width=&#8221;1\/3&#8243;]<div class=\"icon_box icon_position_top has_border\"><div class=\"icon_wrapper\"><div class=\"icon\"><i class=\"fas fa-bed\"><\/i><\/div><\/div><div class=\"desc_wrapper\"><h4 class=\"title\">Konaklama<\/h4><div class=\"desc\">Mixtra Travel, ihtiya\u00e7lar\u0131n\u0131za en uygun olan\u0131 se\u00e7menizi kolayla\u015ft\u0131ran farkl\u0131 konsept oteller ve konaklama tesisleri sunar.<\/div><\/div><\/div>\n[\/vc_column][vc_column width=&#8221;1\/3&#8243;]<div class=\"icon_box icon_position_top has_border\"><div class=\"icon_wrapper\"><div class=\"icon\"><i class=\"icon-ticket\"><\/i><\/div><\/div><div class=\"desc_wrapper\"><h4 class=\"title\">Profesyonel Rehberlik<\/h4><div class=\"desc\">Farkl\u0131 bir k\u00fclt\u00fcr\u00fc tan\u0131man\u0131n en iyi yolu, profesyonel bir rehberin bilgilerini aktarmas\u0131 ve b\u00f6ylece k\u00fclt\u00fcr\u00fc hayata ge\u00e7irmesidir. Mixtra Travel ayr\u0131ca her b\u00fcy\u00fckl\u00fckteki gruplar ve bireyler i\u00e7in rehberlik edici bir dan\u0131\u015fmanl\u0131k se\u00e7ene\u011fi sunar.<\/div><\/div><\/div>\n[\/vc_column][vc_column width=&#8221;1\/3&#8243;]<div class=\"icon_box icon_position_top has_border\"><a class=\"\" href=\"http:\/\/www.mixxtours.dk\/\" target=\"_blank\" ><div class=\"icon_wrapper\"><div class=\"icon\"><i class=\"icon-light-up\"><\/i><\/div><\/div><div class=\"desc_wrapper\"><h4 class=\"title\">Gezi ve Turlar<\/h4><div class=\"desc\">Tatilinizi Mixtra Travel \u00f6zel turlar\u0131yla tamamlay\u0131n. Bu turlarda uzman bir rehberiniz olacak ve mutlaka g\u00f6r\u00fclmesi gereken yerleri g\u00f6receksiniz &#8230; <i class=\"fas fa-external-link-alt fa-sm\"><\/i><\/div><\/div><\/a><\/div>\n[\/vc_column][\/vc_row][vc_row][vc_column width=&#8221;1\/3&#8243;]<div class=\"icon_box icon_position_top has_border\"><div class=\"icon_wrapper\"><div class=\"icon\"><i class=\"fas fa-tasks\"><\/i><\/div><\/div><div class=\"desc_wrapper\"><h4 class=\"title\">Tatil \u00d6nerileri<\/h4><div class=\"desc\">Mixtra Travel, mevcut veya gelecekteki seyahat planlar\u0131 hakk\u0131nda ortaya \u00e7\u0131kabilecek her t\u00fcrl\u00fc soru hakk\u0131nda tavsiyelerde bulunabilir ve bilgi verebilir.<\/div><\/div><\/div>\n[\/vc_column][vc_column width=&#8221;1\/3&#8243;]<div class=\"icon_box icon_position_top has_border\"><div class=\"icon_wrapper\"><div class=\"icon\"><i class=\"fas fa-user-shield\"><\/i><\/div><\/div><div class=\"desc_wrapper\"><h4 class=\"title\">Seyahat Sigortas\u0131<\/h4><div class=\"desc\">Tatilinizi t\u00fcm olas\u0131l\u0131klara kar\u015f\u0131 seyahat sigortam\u0131zla koruyoruz.<\/div><\/div><\/div>\n[\/vc_column][vc_column width=&#8221;1\/3&#8243;]<div class=\"icon_box icon_position_top has_border\"><a class=\"\" href=\"http:\/\/www.mixxtours.dk\/\" target=\"_blank\" ><div class=\"icon_wrapper\"><div class=\"icon\"><i class=\"fas fa-headphones\"><\/i><\/div><\/div><div class=\"desc_wrapper\"><h4 class=\"title\">M\u00fc\u015fteri Hizmetleri Merkezi<\/h4><div class=\"desc\">Mixtra Travel, haftan\u0131n 7 g\u00fcn\u00fc 24 saat hizmet veren bir servis merkezine sahiptir. Tatiliniz boyunca destek sunan konfor.<\/div><\/div><\/a><\/div>\n[\/vc_column][\/vc_row][vc_row el_class=&#8221;slider-carousel&#8221;][vc_column]<div class=\"content_slider carousel\"><ul class=\"content_slider_ul\"><li class=\"content_slider_li_1\"><a href=\"https:\/\/mixx.com.tr\/wp-content\/uploads\/2017\/02\/about-4.jpg\" rel=\"prettyphoto[ad8aa15009]\"><img width=\"890\" height=\"470\" src=\"https:\/\/mixx.com.tr\/wp-content\/uploads\/2017\/02\/about-4.jpg\" class=\"scale-with-grid wp-post-image\" alt=\"\" loading=\"lazy\" srcset=\"https:\/\/mixx.com.tr\/wp-content\/uploads\/2017\/02\/about-4.jpg 890w, https:\/\/mixx.com.tr\/wp-content\/uploads\/2017\/02\/about-4-300x158.jpg 300w, https:\/\/mixx.com.tr\/wp-content\/uploads\/2017\/02\/about-4-768x406.jpg 768w, https:\/\/mixx.com.tr\/wp-content\/uploads\/2017\/02\/about-4-260x137.jpg 260w, https:\/\/mixx.com.tr\/wp-content\/uploads\/2017\/02\/about-4-50x26.jpg 50w, https:\/\/mixx.com.tr\/wp-content\/uploads\/2017\/02\/about-4-142x75.jpg 142w\" sizes=\"(max-width: 890px) 100vw, 890px\" \/><p class=\"title\">Hakk\u0131m\u0131zda 4<\/p><\/a><\/li><li class=\"content_slider_li_2\"><a href=\"https:\/\/mixx.com.tr\/wp-content\/uploads\/2017\/02\/about-1.jpg\" rel=\"prettyphoto[ad8aa15009]\"><img width=\"890\" height=\"470\" src=\"https:\/\/mixx.com.tr\/wp-content\/uploads\/2017\/02\/about-1.jpg\" class=\"scale-with-grid wp-post-image\" alt=\"\" loading=\"lazy\" srcset=\"https:\/\/mixx.com.tr\/wp-content\/uploads\/2017\/02\/about-1.jpg 890w, https:\/\/mixx.com.tr\/wp-content\/uploads\/2017\/02\/about-1-300x158.jpg 300w, https:\/\/mixx.com.tr\/wp-content\/uploads\/2017\/02\/about-1-768x406.jpg 768w, https:\/\/mixx.com.tr\/wp-content\/uploads\/2017\/02\/about-1-260x137.jpg 260w, https:\/\/mixx.com.tr\/wp-content\/uploads\/2017\/02\/about-1-50x26.jpg 50w, https:\/\/mixx.com.tr\/wp-content\/uploads\/2017\/02\/about-1-142x75.jpg 142w\" sizes=\"(max-width: 890px) 100vw, 890px\" \/><p class=\"title\">Hakk\u0131m\u0131zda 1<\/p><\/a><\/li><li class=\"content_slider_li_3\"><a href=\"https:\/\/mixx.com.tr\/wp-content\/uploads\/2017\/02\/about-2.jpg\" rel=\"prettyphoto[ad8aa15009]\"><img width=\"890\" height=\"470\" src=\"https:\/\/mixx.com.tr\/wp-content\/uploads\/2017\/02\/about-2.jpg\" class=\"scale-with-grid wp-post-image\" alt=\"\" loading=\"lazy\" srcset=\"https:\/\/mixx.com.tr\/wp-content\/uploads\/2017\/02\/about-2.jpg 890w, https:\/\/mixx.com.tr\/wp-content\/uploads\/2017\/02\/about-2-300x158.jpg 300w, https:\/\/mixx.com.tr\/wp-content\/uploads\/2017\/02\/about-2-768x406.jpg 768w, https:\/\/mixx.com.tr\/wp-content\/uploads\/2017\/02\/about-2-260x137.jpg 260w, https:\/\/mixx.com.tr\/wp-content\/uploads\/2017\/02\/about-2-50x26.jpg 50w, https:\/\/mixx.com.tr\/wp-content\/uploads\/2017\/02\/about-2-142x75.jpg 142w\" sizes=\"(max-width: 890px) 100vw, 890px\" \/><p class=\"title\">Hakk\u0131m\u0131zda 2<\/p><\/a><\/li><li class=\"content_slider_li_4\"><a href=\"https:\/\/mixx.com.tr\/wp-content\/uploads\/2017\/02\/about-3.jpg\" rel=\"prettyphoto[ad8aa15009]\"><img width=\"890\" height=\"470\" src=\"https:\/\/mixx.com.tr\/wp-content\/uploads\/2017\/02\/about-3.jpg\" class=\"scale-with-grid wp-post-image\" alt=\"\" loading=\"lazy\" srcset=\"https:\/\/mixx.com.tr\/wp-content\/uploads\/2017\/02\/about-3.jpg 890w, https:\/\/mixx.com.tr\/wp-content\/uploads\/2017\/02\/about-3-300x158.jpg 300w, https:\/\/mixx.com.tr\/wp-content\/uploads\/2017\/02\/about-3-768x406.jpg 768w, https:\/\/mixx.com.tr\/wp-content\/uploads\/2017\/02\/about-3-260x137.jpg 260w, https:\/\/mixx.com.tr\/wp-content\/uploads\/2017\/02\/about-3-50x26.jpg 50w, https:\/\/mixx.com.tr\/wp-content\/uploads\/2017\/02\/about-3-142x75.jpg 142w\" sizes=\"(max-width: 890px) 100vw, 890px\" \/><p class=\"title\">Hakk\u0131m\u0131zda 3<\/p><\/a><\/li><\/ul><div class=\"slider_pager slider_pagination\"><\/div><\/div>\n[\/vc_column][\/vc_row]<\/p>","protected":false},"excerpt":{"rendered":"<p>[vc_row][vc_column width=&#8221;1\/3&#8243;][\/vc_column][vc_column width=&#8221;1\/3&#8243;][\/vc_column][vc_column width=&#8221;1\/3&#8243;][\/vc_column][\/vc_row][vc_row][vc_column width=&#8221;1\/3&#8243;][\/vc_column][vc_column width=&#8221;1\/3&#8243;][\/vc_column][vc_column width=&#8221;1\/3&#8243;][\/vc_column][\/vc_row][vc_row][vc_column width=&#8221;1\/3&#8243;][\/vc_column][vc_column width=&#8221;1\/3&#8243;][\/vc_column][vc_column width=&#8221;1\/3&#8243;][\/vc_column][\/vc_row][vc_row el_class=&#8221;slider-carousel&#8221;][vc_column][\/vc_column][\/vc_row]<\/p>\n","protected":false},"author":1,"featured_media":0,"parent":0,"menu_order":0,"comment_status":"closed","ping_status":"closed","template":"","meta":[],"_links":{"self":[{"href":"https:\/\/mixx.com.tr\/tr\/wp-json\/wp\/v2\/pages\/9"}],"collection":[{"href":"https:\/\/mixx.com.tr\/tr\/wp-json\/wp\/v2\/pages"}],"about":[{"href":"https:\/\/mixx.com.tr\/tr\/wp-json\/wp\/v2\/types\/page"}],"author":[{"embeddable":true,"href":"https:\/\/mixx.com.tr\/tr\/wp-json\/wp\/v2\/users\/1"}],"replies":[{"embeddable":true,"href":"https:\/\/mixx.com.tr\/tr\/wp-json\/wp\/v2\/comments?post=9"}],"version-history":[{"count":4,"href":"https:\/\/mixx.com.tr\/tr\/wp-json\/wp\/v2\/pages\/9\/revisions"}],"predecessor-version":[{"id":403,"href":"https:\/\/mixx.com.tr\/tr\/wp-json\/wp\/v2\/pages\/9\/revisions\/403"}],"wp:attachment":[{"href":"https:\/\/mixx.com.tr\/tr\/wp-json\/wp\/v2\/media?parent=9"}],"curies":[{"name":"wp","href":"https:\/\/api.w.org\/{rel}","templated":true}]}}